{"id":74,"date":"2023-07-20T13:59:35","date_gmt":"2023-07-20T11:59:35","guid":{"rendered":"https:\/\/wp.tennconsult.de\/?page_id=74"},"modified":"2023-08-02T11:58:43","modified_gmt":"2023-08-02T09:58:43","slug":"kontakt-anfahrt","status":"publish","type":"page","link":"https:\/\/tennconsult.de\/?page_id=74","title":{"rendered":"Kontakt\/Anfahrt"},"content":{"rendered":"<p>[et_pb_section fb_built=&#8221;1&#8243; _builder_version=&#8221;4.20.4&#8243; _module_preset=&#8221;default&#8221; global_colors_info=&#8221;{}&#8221;][et_pb_row column_structure=&#8221;1_2,1_2&#8243; _builder_version=&#8221;4.21.0&#8243; _module_preset=&#8221;default&#8221; global_colors_info=&#8221;{}&#8221;][et_pb_column type=&#8221;1_2&#8243; _builder_version=&#8221;4.20.4&#8243; _module_preset=&#8221;default&#8221; global_colors_info=&#8221;{}&#8221;][et_pb_text _builder_version=&#8221;4.21.0&#8243; _module_preset=&#8221;default&#8221; custom_margin=&#8221;|-51px||||&#8221; global_colors_info=&#8221;{}&#8221;]<\/p>\n<h1>Kontakt und Anfahrt<\/h1>\n<p>Unternehmensberatung Dr. Tennst\u00e4dt<br \/>Im G\u00fcnzinger 8 (Zufahrt \u00fcber Holzgasse 19a)<br \/>78476 Allensbach am Bodensee<\/p>\n<p>Tel. 0049 7533 997 88 22<br \/>Mobil 0049 171 608 54 95<br \/>Fax 0049 7533 997 88 23<\/p>\n<p>E-Mail info@tennconsult.de<\/p>\n<p>USt-IdNr. DE202981544<\/p>\n<p>[\/et_pb_text][\/et_pb_column][et_pb_column type=&#8221;1_2&#8243; _builder_version=&#8221;4.20.4&#8243; _module_preset=&#8221;default&#8221; global_colors_info=&#8221;{}&#8221;][et_pb_map address=&#8221;Im G\u00fcnzinger 13, 78476 Allensbach, Germany&#8221; zoom_level=&#8221;14&#8243; address_lat=&#8221;47.7199011&#8243; address_lng=&#8221;9.0610334&#8243; _builder_version=&#8221;4.21.2&#8243; _module_preset=&#8221;default&#8221; global_colors_info=&#8221;{}&#8221;][et_pb_map_pin title=&#8221;Im G\u00fcnzinger 13, 78476 Allensbach, Germany&#8221; pin_address=&#8221;Im G\u00fcnzinger 13, 78476 Allensbach, Germany&#8221; pin_address_lat=&#8221;47.7199011&#8243; pin_address_lng=&#8221;9.0610334&#8243; _builder_version=&#8221;4.21.0&#8243; _module_preset=&#8221;default&#8221; global_colors_info=&#8221;{}&#8221;][\/et_pb_map_pin][\/et_pb_map][\/et_pb_column][\/et_pb_row][\/et_pb_section]<\/p>\n","protected":false},"excerpt":{"rendered":"<p>Kontakt und Anfahrt Unternehmensberatung Dr. Tennst\u00e4dtIm G\u00fcnzinger 8 (Zufahrt \u00fcber Holzgasse 19a)78476 Allensbach am Bodensee Tel. 0049 7533 997 88 22Mobil 0049 171 608 54 95Fax 0049 7533 997 88 23 E-Mail info@tennconsult.de USt-IdNr. DE202981544<\/p>\n","protected":false},"author":1,"featured_media":0,"parent":0,"menu_order":0,"comment_status":"closed","ping_status":"closed","template":"","meta":{"_et_pb_use_builder":"on","_et_pb_old_content":"","_et_gb_content_width":"","footnotes":""},"class_list":["post-74","page","type-page","status-publish","hentry"],"_links":{"self":[{"href":"https:\/\/tennconsult.de\/index.php?rest_route=\/wp\/v2\/pages\/74","targetHints":{"allow":["GET"]}}],"collection":[{"href":"https:\/\/tennconsult.de\/index.php?rest_route=\/wp\/v2\/pages"}],"about":[{"href":"https:\/\/tennconsult.de\/index.php?rest_route=\/wp\/v2\/types\/page"}],"author":[{"embeddable":true,"href":"https:\/\/tennconsult.de\/index.php?rest_route=\/wp\/v2\/users\/1"}],"replies":[{"embeddable":true,"href":"https:\/\/tennconsult.de\/index.php?rest_route=%2Fwp%2Fv2%2Fcomments&post=74"}],"version-history":[{"count":18,"href":"https:\/\/tennconsult.de\/index.php?rest_route=\/wp\/v2\/pages\/74\/revisions"}],"predecessor-version":[{"id":112,"href":"https:\/\/tennconsult.de\/index.php?rest_route=\/wp\/v2\/pages\/74\/revisions\/112"}],"wp:attachment":[{"href":"https:\/\/tennconsult.de\/index.php?rest_route=%2Fwp%2Fv2%2Fmedia&parent=74"}],"curies":[{"name":"wp","href":"https:\/\/api.w.org\/{rel}","templated":true}]}}