{"id":63,"date":"2023-07-20T13:53:55","date_gmt":"2023-07-20T11:53:55","guid":{"rendered":"https:\/\/wp.tennconsult.de\/?page_id=63"},"modified":"2023-08-02T11:50:15","modified_gmt":"2023-08-02T09:50:15","slug":"personliches","status":"publish","type":"page","link":"https:\/\/tennconsult.de\/?page_id=63","title":{"rendered":"Pers\u00f6nliches"},"content":{"rendered":"<p>[et_pb_section fb_built=&#8221;1&#8243; _builder_version=&#8221;4.20.4&#8243; _module_preset=&#8221;default&#8221; global_colors_info=&#8221;{}&#8221;][et_pb_row column_structure=&#8221;1_2,1_2&#8243; _builder_version=&#8221;4.20.4&#8243; _module_preset=&#8221;default&#8221; global_colors_info=&#8221;{}&#8221;][et_pb_column type=&#8221;1_2&#8243; _builder_version=&#8221;4.20.4&#8243; _module_preset=&#8221;default&#8221; global_colors_info=&#8221;{}&#8221;][et_pb_text _builder_version=&#8221;4.21.0&#8243; _module_preset=&#8221;default&#8221; custom_margin=&#8221;|-51px||||&#8221; global_colors_info=&#8221;{}&#8221;]<\/p>\n<h1>Dr. rer. nat. Kurt-Christian Tennst\u00e4dt<\/h1>\n<p>Diplom-Psychologe<br \/>Studium der Psychologie mit den Schwerpunkten Klinische Psychologie und Sozialpsychologie an der Universit\u00e4t Konstanz, Ausbildung als Gespr\u00e4chspsychotherapeut.<\/p>\n<p>Arbeit als Programmierer im Sonderforschungsbereich 23, 10 Jahre Lehr- und Forschungst\u00e4tigkeit an der Universit\u00e4t Konstanz (Sozialpsychologie, Entwicklung eines Lehrerfortbildungsprogramms &#8211; &#8220;Konstanzer Trainingsmodell&#8221;).<\/p>\n<p>12 Jahre bei KHK Software und SageKHK (Frankfurt\/M., Basel und Wien) verantwortlich f\u00fcr Dokumentation, \u00d6ffentlichkeits- und Pressearbeit in der DACH-Region.<\/p>\n<p>3 Jahre Prokurist und Leiter Unternehmenskommunikation (Marketing, PR, Internet, Dokumentation) bei der Apiras Software GmbH (Binzen).<\/p>\n<p>Gr\u00fcnder und 16 Jahre Alleinvorstand der TennCom AG (Radolfzell).<\/p>\n<p>Seit Ende 2016 als freiberuflicher Unternehmensberater t\u00e4tig.<\/p>\n<p>[\/et_pb_text][\/et_pb_column][et_pb_column type=&#8221;1_2&#8243; _builder_version=&#8221;4.20.4&#8243; _module_preset=&#8221;default&#8221; global_colors_info=&#8221;{}&#8221;][et_pb_image src=&#8221;https:\/\/tennconsult.de\/wp-content\/uploads\/2023\/07\/cht.jpg&#8221; title_text=&#8221;cht&#8221; _builder_version=&#8221;4.21.2&#8243; _module_preset=&#8221;default&#8221; hover_enabled=&#8221;0&#8243; global_colors_info=&#8221;{}&#8221; sticky_enabled=&#8221;0&#8243;][\/et_pb_image][\/et_pb_column][\/et_pb_row][\/et_pb_section]<\/p>\n","protected":false},"excerpt":{"rendered":"<p>Dr. rer. nat. Kurt-Christian Tennst\u00e4dt Diplom-PsychologeStudium der Psychologie mit den Schwerpunkten Klinische Psychologie und Sozialpsychologie an der Universit\u00e4t Konstanz, Ausbildung als Gespr\u00e4chspsychotherapeut. Arbeit als Programmierer im Sonderforschungsbereich 23, 10 Jahre Lehr- und Forschungst\u00e4tigkeit an der Universit\u00e4t Konstanz (Sozialpsychologie, Entwicklung eines Lehrerfortbildungsprogramms &#8211; &#8220;Konstanzer Trainingsmodell&#8221;). 12 Jahre bei KHK Software und SageKHK (Frankfurt\/M., Basel und Wien) [&hellip;]<\/p>\n","protected":false},"author":1,"featured_media":0,"parent":0,"menu_order":0,"comment_status":"closed","ping_status":"closed","template":"","meta":{"_et_pb_use_builder":"on","_et_pb_old_content":"","_et_gb_content_width":"","footnotes":""},"class_list":["post-63","page","type-page","status-publish","hentry"],"_links":{"self":[{"href":"https:\/\/tennconsult.de\/index.php?rest_route=\/wp\/v2\/pages\/63","targetHints":{"allow":["GET"]}}],"collection":[{"href":"https:\/\/tennconsult.de\/index.php?rest_route=\/wp\/v2\/pages"}],"about":[{"href":"https:\/\/tennconsult.de\/index.php?rest_route=\/wp\/v2\/types\/page"}],"author":[{"embeddable":true,"href":"https:\/\/tennconsult.de\/index.php?rest_route=\/wp\/v2\/users\/1"}],"replies":[{"embeddable":true,"href":"https:\/\/tennconsult.de\/index.php?rest_route=%2Fwp%2Fv2%2Fcomments&post=63"}],"version-history":[{"count":7,"href":"https:\/\/tennconsult.de\/index.php?rest_route=\/wp\/v2\/pages\/63\/revisions"}],"predecessor-version":[{"id":103,"href":"https:\/\/tennconsult.de\/index.php?rest_route=\/wp\/v2\/pages\/63\/revisions\/103"}],"wp:attachment":[{"href":"https:\/\/tennconsult.de\/index.php?rest_route=%2Fwp%2Fv2%2Fmedia&parent=63"}],"curies":[{"name":"wp","href":"https:\/\/api.w.org\/{rel}","templated":true}]}}