{"id":50,"date":"2023-07-20T13:35:40","date_gmt":"2023-07-20T11:35:40","guid":{"rendered":"https:\/\/wp.tennconsult.de\/?page_id=50"},"modified":"2023-07-20T13:52:59","modified_gmt":"2023-07-20T11:52:59","slug":"leistungen","status":"publish","type":"page","link":"https:\/\/tennconsult.de\/?page_id=50","title":{"rendered":"Leistungen"},"content":{"rendered":"<p>[et_pb_section fb_built=&#8221;1&#8243; _builder_version=&#8221;4.20.4&#8243; _module_preset=&#8221;default&#8221; global_colors_info=&#8221;{}&#8221;][et_pb_row _builder_version=&#8221;4.21.0&#8243; _module_preset=&#8221;default&#8221;][et_pb_column _builder_version=&#8221;4.21.0&#8243; _module_preset=&#8221;default&#8221; type=&#8221;4_4&#8243;][et_pb_text _builder_version=&#8221;4.21.0&#8243; _module_preset=&#8221;default&#8221; hover_enabled=&#8221;0&#8243; sticky_enabled=&#8221;0&#8243;]<\/p>\n<h3>Text<\/h3>\n<p>Neue Texte erstellen, bestehende Texte optimieren, Lektorat und orthografisch-grammatikalische Korrektur.<br \/>Texte, die f\u00fcr Ihre Zielgruppe(n) ebenso passen wie f\u00fcr Ihr Medium. Neu oder optimiert. Orthografisch und grammatikalisch gepr\u00fcft.<br \/>Beispiele: (Serien-)Brief, Flyer, Prospekt, Gesch\u00e4ftsbericht, Internetseite, Kundenzeitschrift, Newsletter &#8230;<\/p>\n<h3>Presse und \u00d6ffentlichkeit<\/h3>\n<p>Texte und Aktionen, die Sie und\/oder Ihr Unternehmen in den Medien bekannt machen.<br \/>Sie nutzen die gesamte Klaviatur der Presse- und \u00d6ffentlichkeitsarbeit. Regional, national, in der DACH-Region oder international. In der Publikumspresse oder in der Fachpresse. Gedruckt und online.<br \/>Beispiele: Pressemitteilungen, Fachartikel, Pressegespr\u00e4ch, Pressekonferenz, Messevorbereitung &#8230;<\/p>\n<h3>Marketing und Werbung<\/h3>\n<p>Text und grafische Konzeption von Materialien, Medien und Aktionen, mit denen Sie Kunden gewinnen.<br \/>Sie erhalten das, was Ihnen (noch) am Herzen liegt: etwa neue Werbetexte, optimierte Werbetexte, neues Layout, optimiertes Layout, neue CI, optimierte CI &#8230; F\u00fcr alles &#8211; von der Visitenkarte \u00fcber das Briefpapier bis zum Produktprospekt und der Internetseite.<\/p>\n<h3>Messen und Events<\/h3>\n<p>Messeauftritte, Hausmessen, Roadshows. Von der Konzeption und der Beratung \u00fcber die Auswahl\/\u00dcberwachung der Dienstleister bis zur schl\u00fcsselfertigen Realisierung und Stand\u00fcbergabe mit Einweisung Ihres Messeteams &#8230;<br \/>Vom Systemstand bis zum zweist\u00f6ckigen Individualbau, von der regionalen Messe bis zur eigenen Hausausstellung oder einer komplett neuen, eigenen Messe &#8211; Sie erhalten Unterst\u00fctzung bei jedem Schritt. Inkl. Messecontrolling und Schulung Ihres Standpersonals.<\/p>\n<h3>Kundenzufriedenheit und Marktanalysen<\/h3>\n<p>Sozialwissenschaftlich fundierte Befragungen als Basis f\u00fcr fundierte Entscheidungen; Erstellung und Auswertung von Markt- und Meinungsumfragen.<br \/>Beispiele: &#8220;Voice of Customer&#8221;, Unternehmens- und Produktimage, Positionierung im Markt, Vergleich mit dem Mitbewerb, Kundenzufriedenheit, B\u00fcrgerbeteiligung und B\u00fcrgerbefragungen in Kommunen<\/p>\n<p>[\/et_pb_text][\/et_pb_column][\/et_pb_row][\/et_pb_section]<\/p>\n","protected":false},"excerpt":{"rendered":"<p>Text Neue Texte erstellen, bestehende Texte optimieren, Lektorat und orthografisch-grammatikalische Korrektur.Texte, die f\u00fcr Ihre Zielgruppe(n) ebenso passen wie f\u00fcr Ihr Medium. Neu oder optimiert. Orthografisch und grammatikalisch gepr\u00fcft.Beispiele: (Serien-)Brief, Flyer, Prospekt, Gesch\u00e4ftsbericht, Internetseite, Kundenzeitschrift, Newsletter &#8230; Presse und \u00d6ffentlichkeit Texte und Aktionen, die Sie und\/oder Ihr Unternehmen in den Medien bekannt machen.Sie nutzen die gesamte [&hellip;]<\/p>\n","protected":false},"author":1,"featured_media":0,"parent":0,"menu_order":0,"comment_status":"closed","ping_status":"closed","template":"","meta":{"_et_pb_use_builder":"on","_et_pb_old_content":"","_et_gb_content_width":"","footnotes":""},"class_list":["post-50","page","type-page","status-publish","hentry"],"_links":{"self":[{"href":"https:\/\/tennconsult.de\/index.php?rest_route=\/wp\/v2\/pages\/50","targetHints":{"allow":["GET"]}}],"collection":[{"href":"https:\/\/tennconsult.de\/index.php?rest_route=\/wp\/v2\/pages"}],"about":[{"href":"https:\/\/tennconsult.de\/index.php?rest_route=\/wp\/v2\/types\/page"}],"author":[{"embeddable":true,"href":"https:\/\/tennconsult.de\/index.php?rest_route=\/wp\/v2\/users\/1"}],"replies":[{"embeddable":true,"href":"https:\/\/tennconsult.de\/index.php?rest_route=%2Fwp%2Fv2%2Fcomments&post=50"}],"version-history":[{"count":8,"href":"https:\/\/tennconsult.de\/index.php?rest_route=\/wp\/v2\/pages\/50\/revisions"}],"predecessor-version":[{"id":62,"href":"https:\/\/tennconsult.de\/index.php?rest_route=\/wp\/v2\/pages\/50\/revisions\/62"}],"wp:attachment":[{"href":"https:\/\/tennconsult.de\/index.php?rest_route=%2Fwp%2Fv2%2Fmedia&parent=50"}],"curies":[{"name":"wp","href":"https:\/\/api.w.org\/{rel}","templated":true}]}}